{"id":1835,"date":"2022-01-24T11:52:47","date_gmt":"2022-01-24T11:52:47","guid":{"rendered":"https:\/\/www.it4billing.com\/about-us\/"},"modified":"2022-08-23T13:58:20","modified_gmt":"2022-08-23T13:58:20","slug":"about-us","status":"publish","type":"page","link":"https:\/\/www.it4billing.com\/en\/about-us\/","title":{"rendered":"About Us"},"content":{"rendered":"\t\t<div data-elementor-type=\"wp-page\" data-elementor-id=\"1835\" class=\"elementor elementor-1835 elementor-234\" data-elementor-post-type=\"page\">\n\t\t\t\t\t\t\t\t\t<section class=\"elementor-section elementor-top-section elementor-element elementor-element-8949631 elementor-section-height-min-height elementor-section-full_width elementor-section-items-top elementor-section-height-default\" data-id=\"8949631\" data-element_type=\"section\" data-settings=\"{&quot;background_background&quot;:&quot;classic&quot;}\">\n\t\t\t\t\t\t\t<div class=\"elementor-background-overlay\"><\/div>\n\t\t\t\t\t\t\t<div class=\"elementor-container elementor-column-gap-no\">\n\t\t\t\t\t<div class=\"elementor-column elementor-col-50 elementor-top-column elementor-element elementor-element-8af54a6\" data-id=\"8af54a6\" data-element_type=\"column\" data-settings=\"{&quot;background_background&quot;:&quot;classic&quot;}\">\n\t\t\t<div class=\"elementor-widget-wrap elementor-element-populated\">\n\t\t\t\t\t<div class=\"elementor-background-overlay\"><\/div>\n\t\t\t\t\t\t\t\t<div class=\"elementor-element elementor-element-74ed62e elementor-widget elementor-widget-heading\" data-id=\"74ed62e\" data-element_type=\"widget\" data-widget_type=\"heading.default\">\n\t\t\t\t<div class=\"elementor-widget-container\">\n\t\t\t<style>\/*! elementor - v3.18.0 - 08-12-2023 *\/\n.elementor-heading-title{padding:0;margin:0;line-height:1}.elementor-widget-heading .elementor-heading-title[class*=elementor-size-]>a{color:inherit;font-size:inherit;line-height:inherit}.elementor-widget-heading .elementor-heading-title.elementor-size-small{font-size:15px}.elementor-widget-heading .elementor-heading-title.elementor-size-medium{font-size:19px}.elementor-widget-heading .elementor-heading-title.elementor-size-large{font-size:29px}.elementor-widget-heading .elementor-heading-title.elementor-size-xl{font-size:39px}.elementor-widget-heading .elementor-heading-title.elementor-size-xxl{font-size:59px}<\/style><h1 class=\"elementor-heading-title elementor-size-default\">About Us<\/h1>\t\t<\/div>\n\t\t\t\t<\/div>\n\t\t\t\t<div class=\"elementor-element elementor-element-7a63fb0 elementor-align-left elementor-mobile-align-left elementor-widget elementor-widget-button\" data-id=\"7a63fb0\" data-element_type=\"widget\" data-widget_type=\"button.default\">\n\t\t\t\t<div class=\"elementor-widget-container\">\n\t\t\t\t\t<div class=\"elementor-button-wrapper\">\n\t\t\t<a class=\"elementor-button elementor-button-link elementor-size-xs\" href=\"https:\/\/registo.it4billing.com\/\">\n\t\t\t\t\t\t<span class=\"elementor-button-content-wrapper\">\n\t\t\t\t\t\t<span class=\"elementor-button-text\">FREE REGISTRATION<\/span>\n\t\t<\/span>\n\t\t\t\t\t<\/a>\n\t\t<\/div>\n\t\t\t\t<\/div>\n\t\t\t\t<\/div>\n\t\t\t\t\t<\/div>\n\t\t<\/div>\n\t\t\t\t<div class=\"elementor-column elementor-col-50 elementor-top-column elementor-element elementor-element-6d08a8c elementor-hidden-tablet elementor-hidden-mobile\" data-id=\"6d08a8c\" data-element_type=\"column\" data-settings=\"{&quot;background_background&quot;:&quot;classic&quot;}\">\n\t\t\t<div class=\"elementor-widget-wrap\">\n\t\t\t\t\t\t\t\t\t<\/div>\n\t\t<\/div>\n\t\t\t\t\t\t\t<\/div>\n\t\t<\/section>\n\t\t\t\t<section class=\"elementor-section elementor-top-section elementor-element elementor-element-12030be elementor-section-boxed elementor-section-height-default elementor-section-height-default\" data-id=\"12030be\" data-element_type=\"section\">\n\t\t\t\t\t\t<div class=\"elementor-container elementor-column-gap-no\">\n\t\t\t\t\t<div class=\"elementor-column elementor-col-100 elementor-top-column elementor-element elementor-element-7751aa9\" data-id=\"7751aa9\" data-element_type=\"column\">\n\t\t\t<div class=\"elementor-widget-wrap elementor-element-populated\">\n\t\t\t\t\t\t\t\t<div class=\"elementor-element elementor-element-28dde2a elementor-widget elementor-widget-heading\" data-id=\"28dde2a\" data-element_type=\"widget\" data-widget_type=\"heading.default\">\n\t\t\t\t<div class=\"elementor-widget-container\">\n\t\t\t<h2 class=\"elementor-heading-title elementor-size-default\">A team of dedicated professionals connected to new technologies\nwith over 20 years of experience.<\/h2>\t\t<\/div>\n\t\t\t\t<\/div>\n\t\t\t\t<div class=\"elementor-element elementor-element-1795112 elementor-widget elementor-widget-heading\" data-id=\"1795112\" data-element_type=\"widget\" data-widget_type=\"heading.default\">\n\t\t\t\t<div class=\"elementor-widget-container\">\n\t\t\t<h3 class=\"elementor-heading-title elementor-size-default\">Organize all entities that relate to your business effectively<\/h3>\t\t<\/div>\n\t\t\t\t<\/div>\n\t\t\t\t<section class=\"elementor-section elementor-inner-section elementor-element elementor-element-8883840 elementor-reverse-tablet elementor-reverse-mobile elementor-section-boxed elementor-section-height-default elementor-section-height-default\" data-id=\"8883840\" data-element_type=\"section\">\n\t\t\t\t\t\t<div class=\"elementor-container elementor-column-gap-default\">\n\t\t\t\t\t<div class=\"elementor-column elementor-col-50 elementor-inner-column elementor-element elementor-element-5c6600e\" data-id=\"5c6600e\" data-element_type=\"column\">\n\t\t\t<div class=\"elementor-widget-wrap elementor-element-populated\">\n\t\t\t\t\t\t\t\t<div class=\"elementor-element elementor-element-3ac5ffd elementor-widget elementor-widget-text-editor\" data-id=\"3ac5ffd\" data-element_type=\"widget\" data-widget_type=\"text-editor.default\">\n\t\t\t\t<div class=\"elementor-widget-container\">\n\t\t\t<style>\/*! elementor - v3.18.0 - 08-12-2023 *\/\n.elementor-widget-text-editor.elementor-drop-cap-view-stacked .elementor-drop-cap{background-color:#69727d;color:#fff}.elementor-widget-text-editor.elementor-drop-cap-view-framed .elementor-drop-cap{color:#69727d;border:3px solid;background-color:transparent}.elementor-widget-text-editor:not(.elementor-drop-cap-view-default) .elementor-drop-cap{margin-top:8px}.elementor-widget-text-editor:not(.elementor-drop-cap-view-default) .elementor-drop-cap-letter{width:1em;height:1em}.elementor-widget-text-editor .elementor-drop-cap{float:left;text-align:center;line-height:1;font-size:50px}.elementor-widget-text-editor .elementor-drop-cap-letter{display:inline-block}<\/style>\t\t\t\t<p>The tax obligation of any company does not have to be a painful task. We took this purpose into account and created IT4Billing. Simple and intuitive software capable of responding to all your company&#8217;s invoicing requests.<\/p><p>We always seek to develop our solutions from the perspective of those who use them, collecting opinions and recommendations that we put into practice in the evolution of our products.<\/p><p>Flexibility is undoubtedly one of the main factors of our solutions. This factor makes our solutions adapt to any business without compromising the future.<\/p><p>With an experienced team dedicated to you, we always seek to help you in the success of your business, either through user support or in direct dialogue.<\/p>\t\t\t\t\t\t<\/div>\n\t\t\t\t<\/div>\n\t\t\t\t<div class=\"elementor-element elementor-element-53f3fbe elementor-align-center elementor-widget-tablet__width-initial elementor-widget elementor-widget-button\" data-id=\"53f3fbe\" data-element_type=\"widget\" data-widget_type=\"button.default\">\n\t\t\t\t<div class=\"elementor-widget-container\">\n\t\t\t\t\t<div class=\"elementor-button-wrapper\">\n\t\t\t<a class=\"elementor-button elementor-button-link elementor-size-xs\" href=\"https:\/\/registo.it4billing.com\/\">\n\t\t\t\t\t\t<span class=\"elementor-button-content-wrapper\">\n\t\t\t\t\t\t<span class=\"elementor-button-text\">FREE REGISTRATION<\/span>\n\t\t<\/span>\n\t\t\t\t\t<\/a>\n\t\t<\/div>\n\t\t\t\t<\/div>\n\t\t\t\t<\/div>\n\t\t\t\t\t<\/div>\n\t\t<\/div>\n\t\t\t\t<div class=\"elementor-column elementor-col-50 elementor-inner-column elementor-element elementor-element-9cd8fd3\" data-id=\"9cd8fd3\" data-element_type=\"column\">\n\t\t\t<div class=\"elementor-widget-wrap elementor-element-populated\">\n\t\t\t\t\t\t\t\t<div class=\"elementor-element elementor-element-b126105 elementor-widget elementor-widget-image\" data-id=\"b126105\" data-element_type=\"widget\" data-widget_type=\"image.default\">\n\t\t\t\t<div class=\"elementor-widget-container\">\n\t\t\t<style>\/*! elementor - v3.18.0 - 08-12-2023 *\/\n.elementor-widget-image{text-align:center}.elementor-widget-image a{display:inline-block}.elementor-widget-image a img[src$=\".svg\"]{width:48px}.elementor-widget-image img{vertical-align:middle;display:inline-block}<\/style>\t\t\t\t\t\t\t\t\t\t\t\t<img fetchpriority=\"high\" decoding=\"async\" width=\"800\" height=\"800\" src=\"https:\/\/www.it4billing.com\/install\/wp-content\/uploads\/2021\/07\/Programmer-amico.svg\" class=\"attachment-large size-large wp-image-250\" alt=\"\" \/>\t\t\t\t\t\t\t\t\t\t\t\t\t\t\t<\/div>\n\t\t\t\t<\/div>\n\t\t\t\t\t<\/div>\n\t\t<\/div>\n\t\t\t\t\t\t\t<\/div>\n\t\t<\/section>\n\t\t\t\t\t<\/div>\n\t\t<\/div>\n\t\t\t\t\t\t\t<\/div>\n\t\t<\/section>\n\t\t\t\t<section class=\"elementor-section elementor-top-section elementor-element elementor-element-5f72d1e elementor-section-boxed elementor-section-height-default elementor-section-height-default\" data-id=\"5f72d1e\" data-element_type=\"section\">\n\t\t\t\t\t\t<div class=\"elementor-container elementor-column-gap-no\">\n\t\t\t\t\t<div class=\"elementor-column elementor-col-100 elementor-top-column elementor-element elementor-element-a06c9c3\" data-id=\"a06c9c3\" data-element_type=\"column\">\n\t\t\t<div class=\"elementor-widget-wrap elementor-element-populated\">\n\t\t\t\t\t\t\t\t<div class=\"elementor-element elementor-element-6813452 elementor-widget elementor-widget-heading\" data-id=\"6813452\" data-element_type=\"widget\" data-widget_type=\"heading.default\">\n\t\t\t\t<div class=\"elementor-widget-container\">\n\t\t\t<h2 class=\"elementor-heading-title elementor-size-default\">Other projects<\/h2>\t\t<\/div>\n\t\t\t\t<\/div>\n\t\t\t\t\t<\/div>\n\t\t<\/div>\n\t\t\t\t\t\t\t<\/div>\n\t\t<\/section>\n\t\t\t\t<section class=\"elementor-section elementor-top-section elementor-element elementor-element-a11738f elementor-section-boxed elementor-section-height-default elementor-section-height-default\" data-id=\"a11738f\" data-element_type=\"section\">\n\t\t\t\t\t\t<div class=\"elementor-container elementor-column-gap-default\">\n\t\t\t\t\t<div class=\"elementor-column elementor-col-33 elementor-top-column elementor-element elementor-element-3500234\" data-id=\"3500234\" data-element_type=\"column\">\n\t\t\t<div class=\"elementor-widget-wrap elementor-element-populated\">\n\t\t\t\t\t\t\t\t<div class=\"elementor-element elementor-element-852e69f elementor-widget elementor-widget-image\" data-id=\"852e69f\" data-element_type=\"widget\" data-widget_type=\"image.default\">\n\t\t\t\t<div class=\"elementor-widget-container\">\n\t\t\t\t\t\t\t\t\t\t\t\t\t\t\t<img decoding=\"async\" width=\"800\" height=\"800\" src=\"https:\/\/www.it4billing.com\/install\/wp-content\/uploads\/2021\/07\/IT4Software.svg\" class=\"attachment-large size-large wp-image-266\" alt=\"\" \/>\t\t\t\t\t\t\t\t\t\t\t\t\t\t\t<\/div>\n\t\t\t\t<\/div>\n\t\t\t\t\t<\/div>\n\t\t<\/div>\n\t\t\t\t<div class=\"elementor-column elementor-col-33 elementor-top-column elementor-element elementor-element-b8c2d63\" data-id=\"b8c2d63\" data-element_type=\"column\">\n\t\t\t<div class=\"elementor-widget-wrap elementor-element-populated\">\n\t\t\t\t\t\t\t\t<div class=\"elementor-element elementor-element-453b4af elementor-widget elementor-widget-image\" data-id=\"453b4af\" data-element_type=\"widget\" data-widget_type=\"image.default\">\n\t\t\t\t<div class=\"elementor-widget-container\">\n\t\t\t\t\t\t\t\t\t\t\t\t\t\t\t<img decoding=\"async\" width=\"800\" height=\"800\" src=\"https:\/\/www.it4billing.com\/install\/wp-content\/uploads\/2021\/07\/IT4Golf.svg\" class=\"attachment-large size-large wp-image-265\" alt=\"\" \/>\t\t\t\t\t\t\t\t\t\t\t\t\t\t\t<\/div>\n\t\t\t\t<\/div>\n\t\t\t\t\t<\/div>\n\t\t<\/div>\n\t\t\t\t<div class=\"elementor-column elementor-col-33 elementor-top-column elementor-element elementor-element-7b5e5ec\" data-id=\"7b5e5ec\" data-element_type=\"column\">\n\t\t\t<div class=\"elementor-widget-wrap elementor-element-populated\">\n\t\t\t\t\t\t\t\t<div class=\"elementor-element elementor-element-34d0d89 elementor-widget elementor-widget-image\" data-id=\"34d0d89\" data-element_type=\"widget\" data-widget_type=\"image.default\">\n\t\t\t\t<div class=\"elementor-widget-container\">\n\t\t\t\t\t\t\t\t\t\t\t\t\t\t\t<img loading=\"lazy\" decoding=\"async\" width=\"800\" height=\"800\" src=\"https:\/\/www.it4billing.com\/install\/wp-content\/uploads\/2021\/07\/IT4Corporate.svg\" class=\"attachment-large size-large wp-image-264\" alt=\"\" \/>\t\t\t\t\t\t\t\t\t\t\t\t\t\t\t<\/div>\n\t\t\t\t<\/div>\n\t\t\t\t\t<\/div>\n\t\t<\/div>\n\t\t\t\t\t\t\t<\/div>\n\t\t<\/section>\n\t\t\t\t\t\t\t<\/div>\n\t\t","protected":false},"excerpt":{"rendered":"<p>FREE REGISTRATION A team of dedicated professionals connected to new technologies with over 20 years of experience. Organize all entities that relate to your business effectively The tax obligation of any company does not have to be a painful task. We took this purpose into account and created IT4Billing. Simple and intuitive software capable of [&hellip;]<\/p>\n","protected":false},"author":1,"featured_media":1720,"parent":0,"menu_order":0,"comment_status":"closed","ping_status":"closed","template":"","meta":{"inline_featured_image":false,"footnotes":""},"class_list":["post-1835","page","type-page","status-publish","has-post-thumbnail","hentry"],"acf":[],"yoast_head":"<!-- This site is optimized with the Yoast SEO plugin v21.7 - https:\/\/yoast.com\/wordpress\/plugins\/seo\/ -->\n<title>About Us - IT4Billing<\/title>\n<meta name=\"description\" content=\"A equipa do T4Billing Simple and intuitive software capable of responding to all your company&#039;s invoicing requests.\" \/>\n<meta name=\"robots\" content=\"index, follow, max-snippet:-1, max-image-preview:large, max-video-preview:-1\" \/>\n<link rel=\"canonical\" href=\"https:\/\/www.it4billing.com\/en\/about-us\/\" \/>\n<meta property=\"og:locale\" content=\"en_US\" \/>\n<meta property=\"og:type\" content=\"article\" \/>\n<meta property=\"og:title\" content=\"About Us - IT4Billing\" \/>\n<meta property=\"og:description\" content=\"A equipa do T4Billing Simple and intuitive software capable of responding to all your company&#039;s invoicing requests.\" \/>\n<meta property=\"og:url\" content=\"https:\/\/www.it4billing.com\/en\/about-us\/\" \/>\n<meta property=\"og:site_name\" content=\"IT4Billing\" \/>\n<meta property=\"article:modified_time\" content=\"2022-08-23T13:58:20+00:00\" \/>\n<meta property=\"og:image\" content=\"https:\/\/www.it4billing.com\/install\/wp-content\/uploads\/2021\/07\/Herpo-A005.jpg\" \/>\n\t<meta property=\"og:image:width\" content=\"1920\" \/>\n\t<meta property=\"og:image:height\" content=\"600\" \/>\n\t<meta property=\"og:image:type\" content=\"image\/jpeg\" \/>\n<meta name=\"twitter:card\" content=\"summary_large_image\" \/>\n<meta name=\"twitter:label1\" content=\"Est. reading time\" \/>\n\t<meta name=\"twitter:data1\" content=\"1 minute\" \/>\n<script type=\"application\/ld+json\" class=\"yoast-schema-graph\">{\"@context\":\"https:\/\/schema.org\",\"@graph\":[{\"@type\":\"WebPage\",\"@id\":\"https:\/\/www.it4billing.com\/en\/about-us\/\",\"url\":\"https:\/\/www.it4billing.com\/en\/about-us\/\",\"name\":\"About Us - IT4Billing\",\"isPartOf\":{\"@id\":\"https:\/\/www.it4billing.com\/en\/#website\"},\"datePublished\":\"2022-01-24T11:52:47+00:00\",\"dateModified\":\"2022-08-23T13:58:20+00:00\",\"description\":\"A equipa do T4Billing Simple and intuitive software capable of responding to all your company's invoicing requests.\",\"inLanguage\":\"en-US\",\"potentialAction\":[{\"@type\":\"ReadAction\",\"target\":[\"https:\/\/www.it4billing.com\/en\/about-us\/\"]}]},{\"@type\":\"WebSite\",\"@id\":\"https:\/\/www.it4billing.com\/en\/#website\",\"url\":\"https:\/\/www.it4billing.com\/en\/\",\"name\":\"IT4Billing\",\"description\":\"Software de fatura\u00e7\u00e3o e gest\u00e3o simples e totalmente gratuito!\",\"publisher\":{\"@id\":\"https:\/\/www.it4billing.com\/en\/#organization\"},\"potentialAction\":[{\"@type\":\"SearchAction\",\"target\":{\"@type\":\"EntryPoint\",\"urlTemplate\":\"https:\/\/www.it4billing.com\/en\/?s={search_term_string}\"},\"query-input\":\"required name=search_term_string\"}],\"inLanguage\":\"en-US\"},{\"@type\":\"Organization\",\"@id\":\"https:\/\/www.it4billing.com\/en\/#organization\",\"name\":\"IT4Billing\",\"url\":\"https:\/\/www.it4billing.com\/en\/\",\"logo\":{\"@type\":\"ImageObject\",\"inLanguage\":\"en-US\",\"@id\":\"https:\/\/www.it4billing.com\/en\/#\/schema\/logo\/image\/\",\"url\":\"https:\/\/www.it4billing.com\/install\/wp-content\/uploads\/2021\/06\/Logo-azul-Preto.svg\",\"contentUrl\":\"https:\/\/www.it4billing.com\/install\/wp-content\/uploads\/2021\/06\/Logo-azul-Preto.svg\",\"width\":200,\"height\":58,\"caption\":\"IT4Billing\"},\"image\":{\"@id\":\"https:\/\/www.it4billing.com\/en\/#\/schema\/logo\/image\/\"}}]}<\/script>\n<!-- \/ Yoast SEO plugin. -->","yoast_head_json":{"title":"About Us - IT4Billing","description":"A equipa do T4Billing Simple and intuitive software capable of responding to all your company's invoicing requests.","robots":{"index":"index","follow":"follow","max-snippet":"max-snippet:-1","max-image-preview":"max-image-preview:large","max-video-preview":"max-video-preview:-1"},"canonical":"https:\/\/www.it4billing.com\/en\/about-us\/","og_locale":"en_US","og_type":"article","og_title":"About Us - IT4Billing","og_description":"A equipa do T4Billing Simple and intuitive software capable of responding to all your company's invoicing requests.","og_url":"https:\/\/www.it4billing.com\/en\/about-us\/","og_site_name":"IT4Billing","article_modified_time":"2022-08-23T13:58:20+00:00","og_image":[{"width":1920,"height":600,"url":"https:\/\/www.it4billing.com\/install\/wp-content\/uploads\/2021\/07\/Herpo-A005.jpg","type":"image\/jpeg"}],"twitter_card":"summary_large_image","twitter_misc":{"Est. reading time":"1 minute"},"schema":{"@context":"https:\/\/schema.org","@graph":[{"@type":"WebPage","@id":"https:\/\/www.it4billing.com\/en\/about-us\/","url":"https:\/\/www.it4billing.com\/en\/about-us\/","name":"About Us - IT4Billing","isPartOf":{"@id":"https:\/\/www.it4billing.com\/en\/#website"},"datePublished":"2022-01-24T11:52:47+00:00","dateModified":"2022-08-23T13:58:20+00:00","description":"A equipa do T4Billing Simple and intuitive software capable of responding to all your company's invoicing requests.","inLanguage":"en-US","potentialAction":[{"@type":"ReadAction","target":["https:\/\/www.it4billing.com\/en\/about-us\/"]}]},{"@type":"WebSite","@id":"https:\/\/www.it4billing.com\/en\/#website","url":"https:\/\/www.it4billing.com\/en\/","name":"IT4Billing","description":"Software de fatura\u00e7\u00e3o e gest\u00e3o simples e totalmente gratuito!","publisher":{"@id":"https:\/\/www.it4billing.com\/en\/#organization"},"potentialAction":[{"@type":"SearchAction","target":{"@type":"EntryPoint","urlTemplate":"https:\/\/www.it4billing.com\/en\/?s={search_term_string}"},"query-input":"required name=search_term_string"}],"inLanguage":"en-US"},{"@type":"Organization","@id":"https:\/\/www.it4billing.com\/en\/#organization","name":"IT4Billing","url":"https:\/\/www.it4billing.com\/en\/","logo":{"@type":"ImageObject","inLanguage":"en-US","@id":"https:\/\/www.it4billing.com\/en\/#\/schema\/logo\/image\/","url":"https:\/\/www.it4billing.com\/install\/wp-content\/uploads\/2021\/06\/Logo-azul-Preto.svg","contentUrl":"https:\/\/www.it4billing.com\/install\/wp-content\/uploads\/2021\/06\/Logo-azul-Preto.svg","width":200,"height":58,"caption":"IT4Billing"},"image":{"@id":"https:\/\/www.it4billing.com\/en\/#\/schema\/logo\/image\/"}}]}},"_links":{"self":[{"href":"https:\/\/www.it4billing.com\/en\/wp-json\/wp\/v2\/pages\/1835","targetHints":{"allow":["GET"]}}],"collection":[{"href":"https:\/\/www.it4billing.com\/en\/wp-json\/wp\/v2\/pages"}],"about":[{"href":"https:\/\/www.it4billing.com\/en\/wp-json\/wp\/v2\/types\/page"}],"author":[{"embeddable":true,"href":"https:\/\/www.it4billing.com\/en\/wp-json\/wp\/v2\/users\/1"}],"replies":[{"embeddable":true,"href":"https:\/\/www.it4billing.com\/en\/wp-json\/wp\/v2\/comments?post=1835"}],"version-history":[{"count":0,"href":"https:\/\/www.it4billing.com\/en\/wp-json\/wp\/v2\/pages\/1835\/revisions"}],"wp:featuredmedia":[{"embeddable":true,"href":"https:\/\/www.it4billing.com\/en\/wp-json\/wp\/v2\/media\/1720"}],"wp:attachment":[{"href":"https:\/\/www.it4billing.com\/en\/wp-json\/wp\/v2\/media?parent=1835"}],"curies":[{"name":"wp","href":"https:\/\/api.w.org\/{rel}","templated":true}]}}