{"id":1845,"date":"2022-01-24T12:33:50","date_gmt":"2022-01-24T12:33:50","guid":{"rendered":"https:\/\/www.it4billing.com\/dispute-resolution\/"},"modified":"2022-08-11T10:15:50","modified_gmt":"2022-08-11T10:15:50","slug":"dispute-resolution","status":"publish","type":"page","link":"https:\/\/www.it4billing.com\/en\/dispute-resolution\/","title":{"rendered":"Dispute resolution"},"content":{"rendered":"\t\t<div data-elementor-type=\"wp-page\" data-elementor-id=\"1845\" class=\"elementor elementor-1845 elementor-1280\" data-elementor-post-type=\"page\">\n\t\t\t\t\t\t\t\t\t<section class=\"elementor-section elementor-top-section elementor-element elementor-element-d031088 elementor-section-height-min-height elementor-section-full_width elementor-section-items-top elementor-hidden-tablet elementor-hidden-mobile elementor-section-height-default\" data-id=\"d031088\" data-element_type=\"section\" data-settings=\"{&quot;background_background&quot;:&quot;classic&quot;}\">\n\t\t\t\t\t\t\t<div class=\"elementor-background-overlay\"><\/div>\n\t\t\t\t\t\t\t<div class=\"elementor-container elementor-column-gap-no\">\n\t\t\t\t\t<div class=\"elementor-column elementor-col-50 elementor-top-column elementor-element elementor-element-a341d7e\" data-id=\"a341d7e\" data-element_type=\"column\">\n\t\t\t<div class=\"elementor-widget-wrap elementor-element-populated\">\n\t\t\t\t\t\t\t\t<div class=\"elementor-element elementor-element-54ba0e4 elementor-widget elementor-widget-heading\" data-id=\"54ba0e4\" data-element_type=\"widget\" data-widget_type=\"heading.default\">\n\t\t\t\t<div class=\"elementor-widget-container\">\n\t\t\t<style>\/*! elementor - v3.18.0 - 08-12-2023 *\/\n.elementor-heading-title{padding:0;margin:0;line-height:1}.elementor-widget-heading .elementor-heading-title[class*=elementor-size-]>a{color:inherit;font-size:inherit;line-height:inherit}.elementor-widget-heading .elementor-heading-title.elementor-size-small{font-size:15px}.elementor-widget-heading .elementor-heading-title.elementor-size-medium{font-size:19px}.elementor-widget-heading .elementor-heading-title.elementor-size-large{font-size:29px}.elementor-widget-heading .elementor-heading-title.elementor-size-xl{font-size:39px}.elementor-widget-heading .elementor-heading-title.elementor-size-xxl{font-size:59px}<\/style><h1 class=\"elementor-heading-title elementor-size-default\">Dispute resolution<\/h1>\t\t<\/div>\n\t\t\t\t<\/div>\n\t\t\t\t<div class=\"elementor-element elementor-element-5161514 elementor-align-left elementor-mobile-align-center elementor-widget elementor-widget-button\" data-id=\"5161514\" data-element_type=\"widget\" data-widget_type=\"button.default\">\n\t\t\t\t<div class=\"elementor-widget-container\">\n\t\t\t\t\t<div class=\"elementor-button-wrapper\">\n\t\t\t<a class=\"elementor-button elementor-button-link elementor-size-xs\" href=\"https:\/\/registo.it4billing.com\/en\/\">\n\t\t\t\t\t\t<span class=\"elementor-button-content-wrapper\">\n\t\t\t\t\t\t<span class=\"elementor-button-text\">FREE REGISTRATION<\/span>\n\t\t<\/span>\n\t\t\t\t\t<\/a>\n\t\t<\/div>\n\t\t\t\t<\/div>\n\t\t\t\t<\/div>\n\t\t\t\t\t<\/div>\n\t\t<\/div>\n\t\t\t\t<div class=\"elementor-column elementor-col-50 elementor-top-column elementor-element elementor-element-5d0192b\" data-id=\"5d0192b\" data-element_type=\"column\">\n\t\t\t<div class=\"elementor-widget-wrap\">\n\t\t\t\t\t\t\t\t\t<\/div>\n\t\t<\/div>\n\t\t\t\t\t\t\t<\/div>\n\t\t<\/section>\n\t\t\t\t<section class=\"elementor-section elementor-top-section elementor-element elementor-element-c5a3ca0 elementor-section-full_width elementor-section-height-min-height elementor-hidden-desktop elementor-section-height-default elementor-section-items-middle\" data-id=\"c5a3ca0\" data-element_type=\"section\" data-settings=\"{&quot;background_background&quot;:&quot;classic&quot;}\">\n\t\t\t\t\t\t<div class=\"elementor-container elementor-column-gap-default\">\n\t\t\t\t\t<div class=\"elementor-column elementor-col-100 elementor-top-column elementor-element elementor-element-b7da85d\" data-id=\"b7da85d\" data-element_type=\"column\">\n\t\t\t<div class=\"elementor-widget-wrap\">\n\t\t\t\t\t\t\t\t\t<\/div>\n\t\t<\/div>\n\t\t\t\t\t\t\t<\/div>\n\t\t<\/section>\n\t\t\t\t<section class=\"elementor-section elementor-top-section elementor-element elementor-element-e397b82 elementor-section-full_width elementor-hidden-desktop elementor-section-height-default elementor-section-height-default\" data-id=\"e397b82\" data-element_type=\"section\" data-settings=\"{&quot;background_background&quot;:&quot;classic&quot;}\">\n\t\t\t\t\t\t\t<div class=\"elementor-background-overlay\"><\/div>\n\t\t\t\t\t\t\t<div class=\"elementor-container elementor-column-gap-no\">\n\t\t\t\t\t<div class=\"elementor-column elementor-col-100 elementor-top-column elementor-element elementor-element-62ef938\" data-id=\"62ef938\" data-element_type=\"column\" data-settings=\"{&quot;background_background&quot;:&quot;classic&quot;}\">\n\t\t\t<div class=\"elementor-widget-wrap elementor-element-populated\">\n\t\t\t\t\t<div class=\"elementor-background-overlay\"><\/div>\n\t\t\t\t\t\t\t\t<div class=\"elementor-element elementor-element-cd27a69 elementor-widget elementor-widget-heading\" data-id=\"cd27a69\" data-element_type=\"widget\" data-widget_type=\"heading.default\">\n\t\t\t\t<div class=\"elementor-widget-container\">\n\t\t\t<h1 class=\"elementor-heading-title elementor-size-default\">Dispute resolution<\/h1>\t\t<\/div>\n\t\t\t\t<\/div>\n\t\t\t\t\t<\/div>\n\t\t<\/div>\n\t\t\t\t\t\t\t<\/div>\n\t\t<\/section>\n\t\t\t\t<section class=\"elementor-section elementor-top-section elementor-element elementor-element-91102d1 elementor-section-boxed elementor-section-height-default elementor-section-height-default\" data-id=\"91102d1\" data-element_type=\"section\">\n\t\t\t\t\t\t<div class=\"elementor-container elementor-column-gap-no\">\n\t\t\t\t\t<div class=\"elementor-column elementor-col-100 elementor-top-column elementor-element elementor-element-64f2da4\" data-id=\"64f2da4\" data-element_type=\"column\">\n\t\t\t<div class=\"elementor-widget-wrap elementor-element-populated\">\n\t\t\t\t\t\t\t\t<section class=\"elementor-section elementor-inner-section elementor-element elementor-element-99142ad elementor-section-boxed elementor-section-height-default elementor-section-height-default\" data-id=\"99142ad\" data-element_type=\"section\">\n\t\t\t\t\t\t<div class=\"elementor-container elementor-column-gap-default\">\n\t\t\t\t\t<div class=\"elementor-column elementor-col-100 elementor-inner-column elementor-element elementor-element-a796f4b\" data-id=\"a796f4b\" data-element_type=\"column\">\n\t\t\t<div class=\"elementor-widget-wrap elementor-element-populated\">\n\t\t\t\t\t\t\t\t<div class=\"elementor-element elementor-element-9dbe296 elementor-widget elementor-widget-text-editor\" data-id=\"9dbe296\" data-element_type=\"widget\" data-widget_type=\"text-editor.default\">\n\t\t\t\t<div class=\"elementor-widget-container\">\n\t\t\t<style>\/*! elementor - v3.18.0 - 08-12-2023 *\/\n.elementor-widget-text-editor.elementor-drop-cap-view-stacked .elementor-drop-cap{background-color:#69727d;color:#fff}.elementor-widget-text-editor.elementor-drop-cap-view-framed .elementor-drop-cap{color:#69727d;border:3px solid;background-color:transparent}.elementor-widget-text-editor:not(.elementor-drop-cap-view-default) .elementor-drop-cap{margin-top:8px}.elementor-widget-text-editor:not(.elementor-drop-cap-view-default) .elementor-drop-cap-letter{width:1em;height:1em}.elementor-widget-text-editor .elementor-drop-cap{float:left;text-align:center;line-height:1;font-size:50px}.elementor-widget-text-editor .elementor-drop-cap-letter{display:inline-block}<\/style>\t\t\t\t<h2>PURSUANT TO LAW No. 144\/2015, OF 8\/09, WE INFORM THAT:<\/h2><p>In the event of a consumer dispute, the Customer who is a private consumer may resort to one of the following Alternative Consumer Dispute Resolution (RAL) entities:<\/p><p>\u2022 National Center for Information and Arbitration of Consumer Conflicts (www.arbitragemdeconsumo.org);<\/p><p>\u2022 Algarve Consumer Dispute Information, Mediation and Arbitration Center (www.consumidoronline.pt);<\/p><p>\u2022 Consumer Dispute Arbitration Center of the District of Coimbra (www.centrodearbitragemdecoimbra.com);<\/p><p>\u2022 Lisbon Consumer Dispute Arbitration Center (www.centroarbitragemlisboa.pt);<\/p><p>\u2022 Porto Consumer Information and Arbitration Center (www.cicap.pt);<\/p><p>\u2022 Vale do Ave Consumer Dispute Arbitration Center (www.triave.pt);<\/p><p>\u2022 Consumer Information, Mediation and Arbitration Center (www.ciab.pt).<\/p><p>For more information, consult the Consumer Portal (www.consumidor.pt).<\/p><p>Except for the conclusion of a prior agreement, RAL procedures are voluntary, so we reserve the right not to participate \/ adhere to RAL procedures.<\/p>\t\t\t\t\t\t<\/div>\n\t\t\t\t<\/div>\n\t\t\t\t\t<\/div>\n\t\t<\/div>\n\t\t\t\t\t\t\t<\/div>\n\t\t<\/section>\n\t\t\t\t\t<\/div>\n\t\t<\/div>\n\t\t\t\t\t\t\t<\/div>\n\t\t<\/section>\n\t\t\t\t\t\t\t<\/div>\n\t\t","protected":false},"excerpt":{"rendered":"<p>FREE REGISTRATION PURSUANT TO LAW No. 144\/2015, OF 8\/09, WE INFORM THAT: In the event of a consumer dispute, the Customer who is a private consumer may resort to one of the following Alternative Consumer Dispute Resolution (RAL) entities: \u2022 National Center for Information and Arbitration of Consumer Conflicts (www.arbitragemdeconsumo.org); \u2022 Algarve Consumer Dispute Information, [&hellip;]<\/p>\n","protected":false},"author":1,"featured_media":1777,"parent":0,"menu_order":0,"comment_status":"closed","ping_status":"closed","template":"","meta":{"inline_featured_image":false,"footnotes":""},"class_list":["post-1845","page","type-page","status-publish","has-post-thumbnail","hentry"],"acf":[],"yoast_head":"<!-- This site is optimized with the Yoast SEO plugin v21.7 - https:\/\/yoast.com\/wordpress\/plugins\/seo\/ -->\n<title>Dispute resolution - IT4Billing<\/title>\n<meta name=\"robots\" content=\"noindex, follow\" \/>\n<meta property=\"og:locale\" content=\"en_US\" \/>\n<meta property=\"og:type\" content=\"article\" \/>\n<meta property=\"og:title\" content=\"Dispute resolution - IT4Billing\" \/>\n<meta property=\"og:description\" content=\"FREE REGISTRATION PURSUANT TO LAW No. 144\/2015, OF 8\/09, WE INFORM THAT: In the event of a consumer dispute, the Customer who is a private consumer may resort to one of the following Alternative Consumer Dispute Resolution (RAL) entities: \u2022 National Center for Information and Arbitration of Consumer Conflicts (www.arbitragemdeconsumo.org); \u2022 Algarve Consumer Dispute Information, [&hellip;]\" \/>\n<meta property=\"og:url\" content=\"https:\/\/www.it4billing.com\/en\/dispute-resolution\/\" \/>\n<meta property=\"og:site_name\" content=\"IT4Billing\" \/>\n<meta property=\"article:modified_time\" content=\"2022-08-11T10:15:50+00:00\" \/>\n<meta property=\"og:image\" content=\"https:\/\/www.it4billing.com\/install\/wp-content\/uploads\/2021\/11\/heroA009.jpg\" \/>\n\t<meta property=\"og:image:width\" content=\"1920\" \/>\n\t<meta property=\"og:image:height\" content=\"600\" \/>\n\t<meta property=\"og:image:type\" content=\"image\/jpeg\" \/>\n<meta name=\"twitter:card\" content=\"summary_large_image\" \/>\n<meta name=\"twitter:label1\" content=\"Est. reading time\" \/>\n\t<meta name=\"twitter:data1\" content=\"1 minute\" \/>\n<script type=\"application\/ld+json\" class=\"yoast-schema-graph\">{\"@context\":\"https:\/\/schema.org\",\"@graph\":[{\"@type\":\"WebPage\",\"@id\":\"https:\/\/www.it4billing.com\/en\/dispute-resolution\/\",\"url\":\"https:\/\/www.it4billing.com\/en\/dispute-resolution\/\",\"name\":\"Dispute resolution - IT4Billing\",\"isPartOf\":{\"@id\":\"https:\/\/www.it4billing.com\/en\/#website\"},\"datePublished\":\"2022-01-24T12:33:50+00:00\",\"dateModified\":\"2022-08-11T10:15:50+00:00\",\"inLanguage\":\"en-US\",\"potentialAction\":[{\"@type\":\"ReadAction\",\"target\":[\"https:\/\/www.it4billing.com\/en\/dispute-resolution\/\"]}]},{\"@type\":\"WebSite\",\"@id\":\"https:\/\/www.it4billing.com\/en\/#website\",\"url\":\"https:\/\/www.it4billing.com\/en\/\",\"name\":\"IT4Billing\",\"description\":\"Software de fatura\u00e7\u00e3o e gest\u00e3o simples e totalmente gratuito!\",\"publisher\":{\"@id\":\"https:\/\/www.it4billing.com\/en\/#organization\"},\"potentialAction\":[{\"@type\":\"SearchAction\",\"target\":{\"@type\":\"EntryPoint\",\"urlTemplate\":\"https:\/\/www.it4billing.com\/en\/?s={search_term_string}\"},\"query-input\":\"required name=search_term_string\"}],\"inLanguage\":\"en-US\"},{\"@type\":\"Organization\",\"@id\":\"https:\/\/www.it4billing.com\/en\/#organization\",\"name\":\"IT4Billing\",\"url\":\"https:\/\/www.it4billing.com\/en\/\",\"logo\":{\"@type\":\"ImageObject\",\"inLanguage\":\"en-US\",\"@id\":\"https:\/\/www.it4billing.com\/en\/#\/schema\/logo\/image\/\",\"url\":\"https:\/\/www.it4billing.com\/install\/wp-content\/uploads\/2021\/06\/Logo-azul-Preto.svg\",\"contentUrl\":\"https:\/\/www.it4billing.com\/install\/wp-content\/uploads\/2021\/06\/Logo-azul-Preto.svg\",\"width\":200,\"height\":58,\"caption\":\"IT4Billing\"},\"image\":{\"@id\":\"https:\/\/www.it4billing.com\/en\/#\/schema\/logo\/image\/\"}}]}<\/script>\n<!-- \/ Yoast SEO plugin. -->","yoast_head_json":{"title":"Dispute resolution - IT4Billing","robots":{"index":"noindex","follow":"follow"},"og_locale":"en_US","og_type":"article","og_title":"Dispute resolution - IT4Billing","og_description":"FREE REGISTRATION PURSUANT TO LAW No. 144\/2015, OF 8\/09, WE INFORM THAT: In the event of a consumer dispute, the Customer who is a private consumer may resort to one of the following Alternative Consumer Dispute Resolution (RAL) entities: \u2022 National Center for Information and Arbitration of Consumer Conflicts (www.arbitragemdeconsumo.org); \u2022 Algarve Consumer Dispute Information, [&hellip;]","og_url":"https:\/\/www.it4billing.com\/en\/dispute-resolution\/","og_site_name":"IT4Billing","article_modified_time":"2022-08-11T10:15:50+00:00","og_image":[{"width":1920,"height":600,"url":"https:\/\/www.it4billing.com\/install\/wp-content\/uploads\/2021\/11\/heroA009.jpg","type":"image\/jpeg"}],"twitter_card":"summary_large_image","twitter_misc":{"Est. reading time":"1 minute"},"schema":{"@context":"https:\/\/schema.org","@graph":[{"@type":"WebPage","@id":"https:\/\/www.it4billing.com\/en\/dispute-resolution\/","url":"https:\/\/www.it4billing.com\/en\/dispute-resolution\/","name":"Dispute resolution - IT4Billing","isPartOf":{"@id":"https:\/\/www.it4billing.com\/en\/#website"},"datePublished":"2022-01-24T12:33:50+00:00","dateModified":"2022-08-11T10:15:50+00:00","inLanguage":"en-US","potentialAction":[{"@type":"ReadAction","target":["https:\/\/www.it4billing.com\/en\/dispute-resolution\/"]}]},{"@type":"WebSite","@id":"https:\/\/www.it4billing.com\/en\/#website","url":"https:\/\/www.it4billing.com\/en\/","name":"IT4Billing","description":"Software de fatura\u00e7\u00e3o e gest\u00e3o simples e totalmente gratuito!","publisher":{"@id":"https:\/\/www.it4billing.com\/en\/#organization"},"potentialAction":[{"@type":"SearchAction","target":{"@type":"EntryPoint","urlTemplate":"https:\/\/www.it4billing.com\/en\/?s={search_term_string}"},"query-input":"required name=search_term_string"}],"inLanguage":"en-US"},{"@type":"Organization","@id":"https:\/\/www.it4billing.com\/en\/#organization","name":"IT4Billing","url":"https:\/\/www.it4billing.com\/en\/","logo":{"@type":"ImageObject","inLanguage":"en-US","@id":"https:\/\/www.it4billing.com\/en\/#\/schema\/logo\/image\/","url":"https:\/\/www.it4billing.com\/install\/wp-content\/uploads\/2021\/06\/Logo-azul-Preto.svg","contentUrl":"https:\/\/www.it4billing.com\/install\/wp-content\/uploads\/2021\/06\/Logo-azul-Preto.svg","width":200,"height":58,"caption":"IT4Billing"},"image":{"@id":"https:\/\/www.it4billing.com\/en\/#\/schema\/logo\/image\/"}}]}},"_links":{"self":[{"href":"https:\/\/www.it4billing.com\/en\/wp-json\/wp\/v2\/pages\/1845","targetHints":{"allow":["GET"]}}],"collection":[{"href":"https:\/\/www.it4billing.com\/en\/wp-json\/wp\/v2\/pages"}],"about":[{"href":"https:\/\/www.it4billing.com\/en\/wp-json\/wp\/v2\/types\/page"}],"author":[{"embeddable":true,"href":"https:\/\/www.it4billing.com\/en\/wp-json\/wp\/v2\/users\/1"}],"replies":[{"embeddable":true,"href":"https:\/\/www.it4billing.com\/en\/wp-json\/wp\/v2\/comments?post=1845"}],"version-history":[{"count":0,"href":"https:\/\/www.it4billing.com\/en\/wp-json\/wp\/v2\/pages\/1845\/revisions"}],"wp:featuredmedia":[{"embeddable":true,"href":"https:\/\/www.it4billing.com\/en\/wp-json\/wp\/v2\/media\/1777"}],"wp:attachment":[{"href":"https:\/\/www.it4billing.com\/en\/wp-json\/wp\/v2\/media?parent=1845"}],"curies":[{"name":"wp","href":"https:\/\/api.w.org\/{rel}","templated":true}]}}